{"id":6472,"date":"2026-04-10T06:48:15","date_gmt":"2026-04-10T06:48:15","guid":{"rendered":"https:\/\/palomoexpres.com\/?post_type=product&#038;p=6472"},"modified":"2026-04-14T00:35:09","modified_gmt":"2026-04-14T00:35:09","slug":"444-proteccion","status":"publish","type":"product","link":"https:\/\/palomoexpres.com\/en\/product\/444-proteccion\/","title":{"rendered":"444 PROTECCI\u00d3N"},"content":{"rendered":"<h2>Refleja Energ\u00eda Positiva<\/h2>\n<p>La gorra &#8216;Energ\u00eda Positiva&#8217; est\u00e1 dise\u00f1ada para recordarte que siempre puedes encontrar aliento y energ\u00eda a tu alrededor. Es m\u00e1s que un accesorio, es un s\u00edmbolo de optimismo y motivaci\u00f3n para afrontar cada d\u00eda con fuerza.<\/p>\n<h2>Calidad Premium Garantizada<\/h2>\n<p>Fabricada con algod\u00f3n 100% de alta calidad, esta gorra ofrece un confort inigualable y durabilidad premium. Perfecta para cualquier actividad diaria, asegura una experiencia c\u00f3moda y estilizada.<\/p>\n<h2>Un Dise\u00f1o 100% Original<\/h2>\n<p>Dale un toque \u00fanico a tu estilo con esta gorra original. Ya sea para uso casual o como un recordatorio personal de tus objetivos, su dise\u00f1o aut\u00e9ntico inspira confianza mientras te acompa\u00f1a en cada paso del camino.<\/p>","protected":false},"excerpt":{"rendered":"<ul data-hveid=\"CEEQAQ\" data-ved=\"2ahUKEwj7iNSp-f6PAxVzQTABHfJ4ItwQm_YKegQIQRAB\">\n<li>\n<div class=\"zMgcWd dSKvsb\" data-il=\"\">\n<div data-crb-p=\"\">\n<div class=\"xFTqob\">\n<div class=\"Gur8Ad\"><span data-huuid=\"15316881372522813411\"><strong>Energ\u00eda positiva<\/strong>\u00a0<\/span><\/div>\n<div class=\"vM0jzc\"><span data-huuid=\"15316881372522811986\">Es una se\u00f1al para estar abierto a la energ\u00eda positiva y al aliento que te rodea, y que no est\u00e1s solo en tus esfuerzos.<\/span><\/div>\n<div class=\"vM0jzc\"><\/div>\n<div class=\"vM0jzc\">\n<ul>\n<li><span data-huuid=\"13956500896697508235\">Gorra 100% en algod\u00f3n.<\/span><\/li>\n<li><span data-huuid=\"13956500896697508235\">Calidad Premium<\/span><\/li>\n<li><em><span data-huuid=\"13956500896697508235\">100% Original<\/span><\/em><\/li>\n<\/ul>\n<p><img decoding=\"async\" class=\"alignnone wp-image-6457\" src=\"https:\/\/palomoexpres.com\/wp-content\/uploads\/2026\/04\/banner-face-4-300x120.png\" alt=\"777 suerte\" width=\"350\" height=\"140\" srcset=\"https:\/\/palomoexpres.com\/wp-content\/uploads\/2026\/04\/banner-face-4-300x120.png 300w, https:\/\/palomoexpres.com\/wp-content\/uploads\/2026\/04\/banner-face-4.png 500w\" sizes=\"(max-width: 350px) 100vw, 350px\" \/><\/p>\n<\/div>\n<\/div>\n<\/div>\n<\/div>\n<\/li>\n<\/ul>","protected":false},"featured_media":6473,"comment_status":"open","ping_status":"closed","template":"","meta":{"_uag_custom_page_level_css":"","site-sidebar-layout":"default","site-content-layout":"","ast-site-content-layout":"default","site-content-style":"default","site-sidebar-style":"default","ast-global-header-display":"","ast-banner-title-visibility":"","ast-main-header-display":"","ast-hfb-above-header-display":"","ast-hfb-below-header-display":"","ast-hfb-mobile-header-display":"","site-post-title":"","ast-breadcrumbs-content":"","ast-featured-img":"","footer-sml-layout":"","ast-disable-related-posts":"","theme-transparent-header-meta":"default","adv-header-id-meta":"","stick-header-meta":"","header-above-stick-meta":"","header-main-stick-meta":"","header-below-stick-meta":"","astra-migrate-meta-layouts":"set","ast-page-background-enabled":"default","ast-page-background-meta":{"desktop":{"background-color":"","background-image":"","background-repeat":"repeat","background-position":"center center","background-size":"auto","background-attachment":"scroll","background-type":"","background-media":"","overlay-type":"","overlay-color":"","overlay-opacity":"","overlay-gradient":""},"tablet":{"background-color":"","background-image":"","background-repeat":"repeat","background-position":"center center","background-size":"auto","background-attachment":"scroll","background-type":"","background-media":"","overlay-type":"","overlay-color":"","overlay-opacity":"","overlay-gradient":""},"mobile":{"background-color":"","background-image":"","background-repeat":"repeat","background-position":"center center","background-size":"auto","background-attachment":"scroll","background-type":"","background-media":"","overlay-type":"","overlay-color":"","overlay-opacity":"","overlay-gradient":""}},"ast-content-background-meta":{"desktop":{"background-color":"var(--ast-global-color-5)","background-image":"","background-repeat":"repeat","background-position":"center center","background-size":"auto","background-attachment":"scroll","background-type":"","background-media":"","overlay-type":"","overlay-color":"","overlay-opacity":"","overlay-gradient":""},"tablet":{"background-color":"var(--ast-global-color-5)","background-image":"","background-repeat":"repeat","background-position":"center center","background-size":"auto","background-attachment":"scroll","background-type":"","background-media":"","overlay-type":"","overlay-color":"","overlay-opacity":"","overlay-gradient":""},"mobile":{"background-color":"var(--ast-global-color-5)","background-image":"","background-repeat":"repeat","background-position":"center center","background-size":"auto","background-attachment":"scroll","background-type":"","background-media":"","overlay-type":"","overlay-color":"","overlay-opacity":"","overlay-gradient":""}}},"product_brand":[],"product_cat":[29,30],"product_tag":[],"class_list":{"0":"post-6472","1":"product","2":"type-product","3":"status-publish","4":"has-post-thumbnail","6":"product_cat-gorras","7":"product_cat-numeros-angelicales","8":"desktop-align-center","9":"tablet-align-center","10":"mobile-align-center","12":"first","13":"instock","14":"shipping-taxable","15":"purchasable","16":"product-type-simple"},"uagb_featured_image_src":{"full":["https:\/\/palomoexpres.com\/wp-content\/uploads\/2026\/04\/444PROTECCION1.webp",832,832,false],"thumbnail":["https:\/\/palomoexpres.com\/wp-content\/uploads\/2026\/04\/444PROTECCION1-150x150.webp",150,150,true],"medium":["https:\/\/palomoexpres.com\/wp-content\/uploads\/2026\/04\/444PROTECCION1-300x300.webp",300,300,true],"medium_large":["https:\/\/palomoexpres.com\/wp-content\/uploads\/2026\/04\/444PROTECCION1-768x768.webp",768,768,true],"large":["https:\/\/palomoexpres.com\/wp-content\/uploads\/2026\/04\/444PROTECCION1.webp",832,832,false],"1536x1536":["https:\/\/palomoexpres.com\/wp-content\/uploads\/2026\/04\/444PROTECCION1.webp",832,832,false],"2048x2048":["https:\/\/palomoexpres.com\/wp-content\/uploads\/2026\/04\/444PROTECCION1.webp",832,832,false],"trp-custom-language-flag":["https:\/\/palomoexpres.com\/wp-content\/uploads\/2026\/04\/444PROTECCION1.webp",12,12,false],"woocommerce_thumbnail":["https:\/\/palomoexpres.com\/wp-content\/uploads\/2026\/04\/444PROTECCION1-300x300.webp",300,300,true],"woocommerce_single":["https:\/\/palomoexpres.com\/wp-content\/uploads\/2026\/04\/444PROTECCION1-600x600.webp",600,600,true],"woocommerce_gallery_thumbnail":["https:\/\/palomoexpres.com\/wp-content\/uploads\/2026\/04\/444PROTECCION1-100x100.webp",100,100,true]},"uagb_author_info":{"display_name":"sebas2024.ca@gmail.com","author_link":"https:\/\/palomoexpres.com\/en\/author\/"},"uagb_comment_info":0,"uagb_excerpt":"Energ\u00eda positiva\u00a0 Es una se\u00f1al para estar abierto a la energ\u00eda positiva y al aliento que te rodea, y que no est\u00e1s solo en tus esfuerzos. Gorra 100% en algod\u00f3n. Calidad Premium 100% Original","_links":{"self":[{"href":"https:\/\/palomoexpres.com\/en\/wp-json\/wp\/v2\/product\/6472","targetHints":{"allow":["GET"]}}],"collection":[{"href":"https:\/\/palomoexpres.com\/en\/wp-json\/wp\/v2\/product"}],"about":[{"href":"https:\/\/palomoexpres.com\/en\/wp-json\/wp\/v2\/types\/product"}],"replies":[{"embeddable":true,"href":"https:\/\/palomoexpres.com\/en\/wp-json\/wp\/v2\/comments?post=6472"}],"wp:featuredmedia":[{"embeddable":true,"href":"https:\/\/palomoexpres.com\/en\/wp-json\/wp\/v2\/media\/6473"}],"wp:attachment":[{"href":"https:\/\/palomoexpres.com\/en\/wp-json\/wp\/v2\/media?parent=6472"}],"wp:term":[{"taxonomy":"product_brand","embeddable":true,"href":"https:\/\/palomoexpres.com\/en\/wp-json\/wp\/v2\/product_brand?post=6472"},{"taxonomy":"product_cat","embeddable":true,"href":"https:\/\/palomoexpres.com\/en\/wp-json\/wp\/v2\/product_cat?post=6472"},{"taxonomy":"product_tag","embeddable":true,"href":"https:\/\/palomoexpres.com\/en\/wp-json\/wp\/v2\/product_tag?post=6472"}],"curies":[{"name":"wp","href":"https:\/\/api.w.org\/{rel}","templated":true}]}}