{"id":6808,"date":"2026-04-14T00:26:11","date_gmt":"2026-04-14T00:26:11","guid":{"rendered":"https:\/\/palomoexpres.com\/?post_type=product&#038;p=6808"},"modified":"2026-04-14T00:26:11","modified_gmt":"2026-04-14T00:26:11","slug":"flames","status":"publish","type":"product","link":"https:\/\/palomoexpres.com\/en\/product\/flames\/","title":{"rendered":"FLAMES"},"content":{"rendered":"<h2>Estilo Refinado y Poder Interior<\/h2>\n<p>Descubre una pieza dise\u00f1ada para quienes valoran la autenticidad y la creatividad. Este producto es m\u00e1s que un accesorio; es una declaraci\u00f3n silenciosa de poder interior y estilo impecable. Las llamas, meticulosamente representadas, simbolizan una fuerza creativa y una pasi\u00f3n que arde intensamente sin buscar la ostentaci\u00f3n.<\/p>\n<h2>Detalles Que Hablan Por S\u00ed Mismos<\/h2>\n<p>Cada detalle est\u00e1 finamente elaborado para reflejar la energ\u00eda y la sofisticaci\u00f3n de quienes no siguen tendencias, sino que las crean. Su dise\u00f1o atemporal asegura que esta pieza siempre ser\u00e1 un complemento esencial para tus momentos m\u00e1s especiales.<\/p>\n<h2>Accesorios Exclusivos Incluidos<\/h2>\n<p>Este producto tambi\u00e9n incluye accesorios de colecci\u00f3n que realzan su valor: un certificado de autenticidad, una cadena met\u00e1lica de alta calidad y un elegante llavero de colecci\u00f3n. Una combinaci\u00f3n que celebra tu pasi\u00f3n por el dise\u00f1o \u00fanico y expresivo.<\/p>","protected":false},"excerpt":{"rendered":"<p>Es\u00a0una declaraci\u00f3n silenciosa de poder interior y estilo refinado.\u00a0<em><strong>Las llamas, representadas con elegancia y precisi\u00f3n<\/strong><\/em>, evocan la fuerza creativa, la pasi\u00f3n que arde sin estridencia y la energ\u00eda que impulsa a quienes no siguen tendencias, sino que las crean.<\/p>\n<p><strong><span class=\"Apple-converted-space\">Incluye accesorios de colecci\u00f3n:<\/span><\/strong><\/p>\n<ul>\n<li>Certificado\u00a0de autenticidad<\/li>\n<li>Cadena Met\u00e1lica<\/li>\n<li>Llavero de colecci\u00f3n<\/li>\n<\/ul>\n<p><img decoding=\"async\" class=\"alignnone  wp-image-6457\" src=\"https:\/\/palomoexpres.com\/wp-content\/uploads\/2026\/04\/banner-face-4-300x120.png\" alt=\"777 suerte\" width=\"350\" height=\"140\" srcset=\"https:\/\/palomoexpres.com\/wp-content\/uploads\/2026\/04\/banner-face-4-300x120.png 300w, https:\/\/palomoexpres.com\/wp-content\/uploads\/2026\/04\/banner-face-4.png 500w\" sizes=\"(max-width: 350px) 100vw, 350px\" \/><\/p>","protected":false},"featured_media":6813,"comment_status":"open","ping_status":"closed","template":"","meta":{"_uag_custom_page_level_css":"","site-sidebar-layout":"default","site-content-layout":"","ast-site-content-layout":"default","site-content-style":"default","site-sidebar-style":"default","ast-global-header-display":"","ast-banner-title-visibility":"","ast-main-header-display":"","ast-hfb-above-header-display":"","ast-hfb-below-header-display":"","ast-hfb-mobile-header-display":"","site-post-title":"","ast-breadcrumbs-content":"","ast-featured-img":"","footer-sml-layout":"","ast-disable-related-posts":"","theme-transparent-header-meta":"default","adv-header-id-meta":"","stick-header-meta":"","header-above-stick-meta":"","header-main-stick-meta":"","header-below-stick-meta":"","astra-migrate-meta-layouts":"set","ast-page-background-enabled":"default","ast-page-background-meta":{"desktop":{"background-color":"","background-image":"","background-repeat":"repeat","background-position":"center center","background-size":"auto","background-attachment":"scroll","background-type":"","background-media":"","overlay-type":"","overlay-color":"","overlay-opacity":"","overlay-gradient":""},"tablet":{"background-color":"","background-image":"","background-repeat":"repeat","background-position":"center center","background-size":"auto","background-attachment":"scroll","background-type":"","background-media":"","overlay-type":"","overlay-color":"","overlay-opacity":"","overlay-gradient":""},"mobile":{"background-color":"","background-image":"","background-repeat":"repeat","background-position":"center center","background-size":"auto","background-attachment":"scroll","background-type":"","background-media":"","overlay-type":"","overlay-color":"","overlay-opacity":"","overlay-gradient":""}},"ast-content-background-meta":{"desktop":{"background-color":"var(--ast-global-color-5)","background-image":"","background-repeat":"repeat","background-position":"center center","background-size":"auto","background-attachment":"scroll","background-type":"","background-media":"","overlay-type":"","overlay-color":"","overlay-opacity":"","overlay-gradient":""},"tablet":{"background-color":"var(--ast-global-color-5)","background-image":"","background-repeat":"repeat","background-position":"center center","background-size":"auto","background-attachment":"scroll","background-type":"","background-media":"","overlay-type":"","overlay-color":"","overlay-opacity":"","overlay-gradient":""},"mobile":{"background-color":"var(--ast-global-color-5)","background-image":"","background-repeat":"repeat","background-position":"center center","background-size":"auto","background-attachment":"scroll","background-type":"","background-media":"","overlay-type":"","overlay-color":"","overlay-opacity":"","overlay-gradient":""}}},"product_brand":[],"product_cat":[29,28,33],"product_tag":[],"class_list":{"0":"post-6808","1":"product","2":"type-product","3":"status-publish","4":"has-post-thumbnail","6":"product_cat-gorras","7":"product_cat-ofertas","8":"product_cat-premium","9":"desktop-align-center","10":"tablet-align-center","11":"mobile-align-center","13":"first","14":"instock","15":"sale","16":"shipping-taxable","17":"purchasable","18":"product-type-simple"},"uagb_featured_image_src":{"full":["https:\/\/palomoexpres.com\/wp-content\/uploads\/2026\/04\/FLAMES1.webp",1058,1058,false],"thumbnail":["https:\/\/palomoexpres.com\/wp-content\/uploads\/2026\/04\/FLAMES1-150x150.webp",150,150,true],"medium":["https:\/\/palomoexpres.com\/wp-content\/uploads\/2026\/04\/FLAMES1-300x300.webp",300,300,true],"medium_large":["https:\/\/palomoexpres.com\/wp-content\/uploads\/2026\/04\/FLAMES1-768x768.webp",768,768,true],"large":["https:\/\/palomoexpres.com\/wp-content\/uploads\/2026\/04\/FLAMES1-1024x1024.webp",1024,1024,true],"1536x1536":["https:\/\/palomoexpres.com\/wp-content\/uploads\/2026\/04\/FLAMES1.webp",1058,1058,false],"2048x2048":["https:\/\/palomoexpres.com\/wp-content\/uploads\/2026\/04\/FLAMES1.webp",1058,1058,false],"trp-custom-language-flag":["https:\/\/palomoexpres.com\/wp-content\/uploads\/2026\/04\/FLAMES1-12x12.webp",12,12,true],"woocommerce_thumbnail":["https:\/\/palomoexpres.com\/wp-content\/uploads\/2026\/04\/FLAMES1-300x300.webp",300,300,true],"woocommerce_single":["https:\/\/palomoexpres.com\/wp-content\/uploads\/2026\/04\/FLAMES1-600x600.webp",600,600,true],"woocommerce_gallery_thumbnail":["https:\/\/palomoexpres.com\/wp-content\/uploads\/2026\/04\/FLAMES1-100x100.webp",100,100,true]},"uagb_author_info":{"display_name":"sebas2024.ca@gmail.com","author_link":"https:\/\/palomoexpres.com\/en\/author\/"},"uagb_comment_info":0,"uagb_excerpt":"Es\u00a0una declaraci\u00f3n silenciosa de poder interior y estilo refinado.\u00a0Las llamas, representadas con elegancia y precisi\u00f3n, evocan la fuerza creativa, la pasi\u00f3n que arde sin estridencia y la energ\u00eda que impulsa a quienes no siguen tendencias, sino que las crean. Incluye accesorios de colecci\u00f3n: Certificado\u00a0de autenticidad Cadena Met\u00e1lica Llavero de colecci\u00f3n","_links":{"self":[{"href":"https:\/\/palomoexpres.com\/en\/wp-json\/wp\/v2\/product\/6808","targetHints":{"allow":["GET"]}}],"collection":[{"href":"https:\/\/palomoexpres.com\/en\/wp-json\/wp\/v2\/product"}],"about":[{"href":"https:\/\/palomoexpres.com\/en\/wp-json\/wp\/v2\/types\/product"}],"replies":[{"embeddable":true,"href":"https:\/\/palomoexpres.com\/en\/wp-json\/wp\/v2\/comments?post=6808"}],"wp:featuredmedia":[{"embeddable":true,"href":"https:\/\/palomoexpres.com\/en\/wp-json\/wp\/v2\/media\/6813"}],"wp:attachment":[{"href":"https:\/\/palomoexpres.com\/en\/wp-json\/wp\/v2\/media?parent=6808"}],"wp:term":[{"taxonomy":"product_brand","embeddable":true,"href":"https:\/\/palomoexpres.com\/en\/wp-json\/wp\/v2\/product_brand?post=6808"},{"taxonomy":"product_cat","embeddable":true,"href":"https:\/\/palomoexpres.com\/en\/wp-json\/wp\/v2\/product_cat?post=6808"},{"taxonomy":"product_tag","embeddable":true,"href":"https:\/\/palomoexpres.com\/en\/wp-json\/wp\/v2\/product_tag?post=6808"}],"curies":[{"name":"wp","href":"https:\/\/api.w.org\/{rel}","templated":true}]}}